{"id":759,"date":"2022-05-13T08:10:27","date_gmt":"2022-05-13T08:10:27","guid":{"rendered":"https:\/\/expressconsult.md\/?page_id=759"},"modified":"2022-05-19T14:36:03","modified_gmt":"2022-05-19T14:36:03","slug":"furnizare-de-date","status":"publish","type":"page","link":"https:\/\/expressconsult.md\/ro\/furnizare-de-date\/","title":{"rendered":"Furnizare de date"},"content":{"rendered":"\n<p>Acest tip de procedur\u0103 se solicit\u0103 \u00een cazul \u00een care persoana a pierdut certificatul\/dovada de cet\u0103\u021benie (Jur\u0103m\u00e2ntul) sau a fost deteriorat\/furat. Acest tip de document are aceea\u0219i putere \u0219i valoare juridic\u0103 ca \u0219i Certificatul de Cet\u0103\u021benie Se prezint\u0103 la \u00eenscrierea sau transcrierea \u00een Registrele de Starea Civil\u0103 Rom\u00e2ne a certificatelor sau extraselor de starea civil\u0103 eliberate de autorit\u0103\u021bile str\u0103ine, sau, dup\u0103 caz, \u00eenscrierea pe actele de stare civil\u0103 \u00eentocmite \u00een registrele de starea civil\u0103 rom\u00e2ne a men\u021biunilor cu privire la divor\u021b sau deces.<br><\/p>\n\n\n\n<p>Dup\u0103 regul\u0103, furnizarea poate fi negativ\u0103 sau pozitiv\u0103, adic\u0103 a fost g\u0103sit\u0103 persoana \u00een registrele de eviden\u021b\u0103 ale Direc\u021biei Generale de Pa\u0219apoarte sau nu. \u00cen cazul \u00een care dovada ar fi negative, dar persoana are alte acte confirmative c\u0103 este cet\u0103\u021bean rom\u00e2n, precum ar fi un certificat de na\u0219tere rom\u00e2n f\u0103r\u0103 CNP aplicat, indiferent de ce scrie \u00een furnizare, acesta poate merge la transcrierea certificatului de c\u0103s\u0103torie dac\u0103 a avut loc acest eveniment, unde \u00een certificatul de c\u0103s\u0103torie i se va atribui un CNP, apoi, obligatoriu pentru perfectarea unui pa\u0219aport sau carte de identitate rom\u00e2neasc\u0103. Dup\u0103, deja \u0219i transcrierea actelor copiilor minori. \u00cens\u0103 dac\u0103 nu este c\u0103s\u0103torit\u0103, se solicit\u0103 un nou duplicat al certificatului de na\u0219tere cu aplicarea CNP-lui, apoi dup\u0103 perfectarea unui act de identitate rom\u00e2nesc, furnizarea de date neap\u0103rat va fi cu statut pozitiv.<\/p>\n\n\n\n<div class=\"wp-block-stackable-columns stk-block-columns stk-block stk-035c922\" data-block-id=\"035c922\"><div class=\"stk-row stk-inner-blocks stk-block-content stk-content-align stk-035c922-column\">\n<div class=\"wp-block-stackable-column stk-block-column stk-column stk-block stk-ddef368\" data-block-id=\"ddef368\"><div class=\"stk-column-wrapper stk-block-column__content stk-container stk-ddef368-container stk-hover-parent\"><div class=\"stk-block-content stk-inner-blocks\">\n<div class=\"wp-block-stackable-heading stk-block-heading stk-block stk-4307fc2\" id=\"completeaza-datele-de-contact-\u0219i-un-specialist-te-va-apela-in-scurt-timp-pentru-a-\u021bi-oferi-consulta\u021bie-sau-apeleaza-ne-la-numarul-de-mai-jos\" data-block-id=\"4307fc2\"><style>.stk-4307fc2{padding-top:0px !important;padding-right:0px !important;padding-bottom:0px !important;padding-left:0px !important}<\/style><h4 class=\"stk-block-heading__text has-text-align-center\">Completeaz\u0103 datele de contact \u0219i un specialist te va apela \u00een scurt timp pentru a-\u021bi oferi consulta\u021bie sau apeleaz\u0103-ne la num\u0103rul de mai jos.<\/h4><\/div>\n\n\n\n<iframe id=\"amoforms_iframe_969148\" class=\"amoforms_iframe\" name=\"amoforms_iframe_969148\" allowtransparency=\"\" scrolling=\"no\" frameborder=\"0\" style=\"width: 100%; position: inherit; height: 280px; overflow: visible; margin: 0px 0px 10px; padding: 0px; border: none; z-index: 10000; right: 0px; bottom: 0px; opacity: 1;\" src=\"https:\/\/forms.amocrm.ru\/forms\/html\/form_969148_3f63c12d8c6f1f632d2d72d8397c3978.html?date=1658754610#{&quot;form_id&quot;:&quot;969148&quot;,&quot;form_hash&quot;:&quot;3f63c12d8c6f1f632d2d72d8397c3978&quot;,&quot;user_origin&quot;:{&quot;datetime&quot;:&quot;Wed Jun 29 2022 18:36:55 GMT+0300 (Eastern European Summer Time)&quot;,&quot;referer&quot;:&quot;&quot;},&quot;is_modal&quot;:false,&quot;success_message&quot;:&quot;&quot;,&quot;has_redirect&quot;:&quot;&quot;,&quot;is_dark_bg&quot;:true,&quot;utm&quot;:{&quot;source&quot;:&quot;&quot;,&quot;medium&quot;:&quot;&quot;,&quot;content&quot;:&quot;&quot;,&quot;campaign&quot;:&quot;&quot;,&quot;term&quot;:&quot;&quot;},&quot;ga&quot;:{},&quot;location&quot;:&quot;https:\/\/www.w3schools.com\/html\/tryit.asp&quot;,&quot;dp&quot;:{}}\"><\/iframe>\n\n\n\n<div class=\"wp-block-stackable-button-group stk-block-button-group stk-block stk-6c01747\" data-block-id=\"6c01747\"><div class=\"stk-row stk-inner-blocks has-text-align-center stk-block-content stk-button-group\">\n<div class=\"wp-block-stackable-button stk-block-button stk-block stk-e0b2ce7\" data-block-id=\"e0b2ce7\"><style>.stk-e0b2ce7{display:flex !important}.stk-e0b2ce7{align-items:center !important}.stk-e0b2ce7 .stk-button{padding-top:7px !important;padding-right:23px !important;padding-bottom:7px !important;padding-left:23px !important;background:var(--paletteColor1,#004226) !important}.stk-e0b2ce7 .stk-button{border-radius:21px !important}.stk-e0b2ce7 .stk-button .stk--inner-svg svg:last-child{height:26px !important;width:26px !important}.stk-e0b2ce7 .stk-button__inner-text{font-size:20px !important;color:var(--paletteColor6,#f9fafb) !important;font-weight:300 !important;font-family:\"Jost\",Sans-serif !important}@media screen and (max-width:1023px){.stk-e0b2ce7 .stk-button__inner-text{font-size:20px !important}}<\/style><a class=\"stk-link stk-button stk--hover-effect-darken\" href=\"tel:+37360959959\"><span class=\"stk--svg-wrapper\"><div class=\"stk--inner-svg\"><svg class=\"ugb-custom-icon\" version=\"1.1\" id=\"Capa_1\" xmlns=\"http:\/\/www.w3.org\/2000\/svg\" xmlns:xlink=\"http:\/\/www.w3.org\/1999\/xlink\" x=\"0px\" y=\"0px\" viewBox=\"0 0 59.997 59.997\" style=\"enable-background:new 0 0 59.997 59.997;\" xml:space=\"preserve\" aria-hidden=\"true\" width=\"32\" height=\"32\">\n\t<path d=\"M44.071,38.385c-1.275-0.728-2.597-0.958-3.721-0.646c-0.844,0.234-1.532,0.768-1.995,1.546\n\t\tc-1.021,1.221-2.287,2.646-2.592,2.867c-2.371,1.604-4.252,1.414-6.295-0.629L17.982,30.037c-2.045-2.045-2.233-3.928-0.631-6.292\n\t\tc0.224-0.31,1.649-1.575,2.869-2.595c0.778-0.464,1.312-1.151,1.546-1.996c0.311-1.123,0.081-2.444-0.653-3.731\n\t\tc-0.173-0.296-4.289-7.27-8.085-9.277c-1.929-1.019-4.255-0.67-5.796,0.872L4.695,9.555c-7.401,7.402-6.031,16.596,3.962,26.588\n\t\tl14.705,14.706c4.539,4.54,8.937,7.326,13.068,8.281c1.096,0.253,2.17,0.38,3.224,0.38c3.717,0,7.169-1.573,10.296-4.7l2.537-2.537\n\t\tc1.541-1.541,1.892-3.87,0.872-5.796C51.351,42.682,44.378,38.564,44.071,38.385z M51.073,50.858l-2.537,2.537\n\t\tc-6.568,6.568-14.563,5.237-23.76-3.961L10.071,34.728c-9.197-9.196-10.53-17.19-3.962-23.76l2.537-2.537\n\t\tc0.566-0.566,1.313-0.862,2.07-0.862c0.467,0,0.939,0.112,1.376,0.344c3.294,1.743,7.256,8.454,7.289,8.511\n\t\tc0.449,0.787,0.62,1.608,0.457,2.196c-0.1,0.36-0.323,0.634-0.684,0.836l-0.15,0.104c-0.853,0.712-2.883,2.434-3.308,3.061\n\t\tc-0.612,0.904-1.018,1.792-1.231,2.665c-0.711-1.418-1.285-3.06-1.474-4.881c-0.058-0.549-0.547-0.94-1.099-0.892\n\t\tc-0.549,0.058-0.948,0.549-0.892,1.099c0.722,6.953,6.13,11.479,6.359,11.668c0.025,0.021,0.055,0.028,0.081,0.046l10.612,10.612\n\t\tc0.045,0.045,0.091,0.084,0.136,0.127c0.035,0.052,0.058,0.109,0.104,0.155c0.189,0.187,4.704,4.567,11.599,5.283\n\t\tc0.035,0.003,0.07,0.005,0.104,0.005c0.506,0,0.94-0.383,0.994-0.896c0.057-0.55-0.343-1.041-0.892-1.099\n\t\tc-2.115-0.219-3.988-0.839-5.549-1.558c0.766-0.23,1.545-0.612,2.334-1.147c0.627-0.426,2.349-2.454,3.06-3.307l0.104-0.151\n\t\tc0.202-0.359,0.476-0.583,0.836-0.684c0.585-0.159,1.408,0.007,2.185,0.45c1.879,1.102,7.073,4.56,8.521,7.296\n\t\tC52.197,48.558,51.989,49.942,51.073,50.858z\"><\/path>\n\t<path d=\"M27.362,0.487c-0.553,0-1,0.447-1,1s0.447,1,1,1c16.892,0,30.635,13.743,30.635,30.635c0,0.553,0.447,1,1,1s1-0.447,1-1\n\t\tC59.997,15.127,45.357,0.487,27.362,0.487z\"><\/path>\n\t<path d=\"M27.362,9.517c13.016,0,23.604,10.589,23.604,23.604c0,0.553,0.447,1,1,1s1-0.447,1-1\n\t\tc0-14.118-11.486-25.604-25.604-25.604c-0.553,0-1,0.447-1,1S26.809,9.517,27.362,9.517z\"><\/path>\n\t<path d=\"M27.362,16.547c9.14,0,16.575,7.436,16.575,16.575c0,0.553,0.447,1,1,1s1-0.447,1-1c0-10.242-8.333-18.575-18.575-18.575\n\t\tc-0.553,0-1,0.447-1,1S26.809,16.547,27.362,16.547z\"><\/path>\n\n\n\n\n\n\n\n\n\n\n\n\n\n\n\n<\/svg><\/div><\/span><span class=\"has-text-color has-palette-color-6-color stk-button__inner-text\">+(373) 60 959 959<\/span><\/a><\/div>\n<\/div><\/div>\n<\/div><\/div><\/div>\n<\/div><\/div>\n","protected":false},"excerpt":{"rendered":"<p>Acest tip de procedur\u0103 se solicit\u0103 \u00een cazul \u00een care persoana a pierdut certificatul\/dovada de cet\u0103\u021benie (Jur\u0103m\u00e2ntul) sau a fost deteriorat\/furat. Acest tip de document are aceea\u0219i putere \u0219i valoare juridic\u0103 ca \u0219i Certificatul de Cet\u0103\u021benie Se prezint\u0103 la \u00eenscrierea sau transcrierea \u00een Registrele de Starea Civil\u0103 Rom\u00e2ne a certificatelor sau extraselor de starea civil\u0103 eliberate de autorit\u0103\u021bile str\u0103ine, sau, dup\u0103 caz, \u00eenscrierea pe actele de stare civil\u0103 \u00eentocmite \u00een registrele de starea civil\u0103 rom\u00e2ne a men\u021biunilor cu privire la divor\u021b sau deces. Dup\u0103 regul\u0103, furnizarea poate fi negativ\u0103 sau pozitiv\u0103, adic\u0103 a fost g\u0103sit\u0103 persoana \u00een registrele de eviden\u021b\u0103\u2026<\/p>\n","protected":false},"author":1,"featured_media":0,"parent":0,"menu_order":0,"comment_status":"closed","ping_status":"closed","template":"","meta":{"footnotes":""},"class_list":["post-759","page","type-page","status-publish","hentry"],"blocksy_meta":{"styles_descriptor":{"styles":{"desktop":"","tablet":"","mobile":""},"google_fonts":[],"version":5}},"featured_image_urls":{"full":"","thumbnail":"","medium":"","medium_large":"","large":"","1536x1536":"","2048x2048":"","trp-custom-language-flag":""},"post_excerpt_stackable":"<p>Acest tip de procedur\u0103 se solicit\u0103 \u00een cazul \u00een care persoana a pierdut certificatul\/dovada de cet\u0103\u021benie (Jur\u0103m\u00e2ntul) sau a fost deteriorat\/furat. Acest tip de document are aceea\u0219i putere \u0219i valoare juridic\u0103 ca \u0219i Certificatul de Cet\u0103\u021benie Se prezint\u0103 la \u00eenscrierea sau transcrierea \u00een Registrele de Starea Civil\u0103 Rom\u00e2ne a certificatelor sau extraselor de starea civil\u0103 eliberate de autorit\u0103\u021bile str\u0103ine, sau, dup\u0103 caz, \u00eenscrierea pe actele de stare civil\u0103 \u00eentocmite \u00een registrele de starea civil\u0103 rom\u00e2ne a men\u021biunilor cu privire la divor\u021b sau deces. Dup\u0103 regul\u0103, furnizarea poate fi negativ\u0103 sau pozitiv\u0103, adic\u0103 a fost g\u0103sit\u0103 persoana \u00een registrele de eviden\u021b\u0103&hellip;<\/p>\n","category_list":"","author_info":{"name":"Consult","url":"https:\/\/expressconsult.md\/ro\/author\/econe0press\/"},"comments_num":"0 comments","_links":{"self":[{"href":"https:\/\/expressconsult.md\/ro\/wp-json\/wp\/v2\/pages\/759","targetHints":{"allow":["GET"]}}],"collection":[{"href":"https:\/\/expressconsult.md\/ro\/wp-json\/wp\/v2\/pages"}],"about":[{"href":"https:\/\/expressconsult.md\/ro\/wp-json\/wp\/v2\/types\/page"}],"author":[{"embeddable":true,"href":"https:\/\/expressconsult.md\/ro\/wp-json\/wp\/v2\/users\/1"}],"replies":[{"embeddable":true,"href":"https:\/\/expressconsult.md\/ro\/wp-json\/wp\/v2\/comments?post=759"}],"version-history":[{"count":0,"href":"https:\/\/expressconsult.md\/ro\/wp-json\/wp\/v2\/pages\/759\/revisions"}],"wp:attachment":[{"href":"https:\/\/expressconsult.md\/ro\/wp-json\/wp\/v2\/media?parent=759"}],"curies":[{"name":"wp","href":"https:\/\/api.w.org\/{rel}","templated":true}]}}